{"id":2249,"date":"2022-12-28T13:02:48","date_gmt":"2022-12-28T11:02:48","guid":{"rendered":"https:\/\/staging.doctordejeu.ro\/locations\/"},"modified":"2023-05-11T14:47:05","modified_gmt":"2023-05-11T11:47:05","slug":"locations","status":"publish","type":"page","link":"https:\/\/doctordejeu.ro\/en\/locations\/","title":{"rendered":"Locations"},"content":{"rendered":"","protected":false},"excerpt":{"rendered":"","protected":false},"author":1,"featured_media":0,"parent":0,"menu_order":0,"comment_status":"closed","ping_status":"closed","template":"","meta":{"footnotes":""},"class_list":["post-2249","page","type-page","status-publish","hentry"],"yoast_head":"<!-- This site is optimized with the Yoast SEO plugin v21.9.1 - https:\/\/yoast.com\/wordpress\/plugins\/seo\/ -->\n<title>Locations - Clinica Doctor Dejeu<\/title>\n<meta name=\"robots\" content=\"index, follow, max-snippet:-1, max-image-preview:large, max-video-preview:-1\" \/>\n<link rel=\"canonical\" href=\"https:\/\/doctordejeu.ro\/en\/locations\/\" \/>\n<meta property=\"og:locale\" content=\"en_US\" \/>\n<meta property=\"og:type\" content=\"article\" \/>\n<meta property=\"og:title\" content=\"Locations - Clinica Doctor Dejeu\" \/>\n<meta property=\"og:url\" content=\"https:\/\/doctordejeu.ro\/en\/locations\/\" \/>\n<meta property=\"og:site_name\" content=\"Clinica Doctor Dejeu\" \/>\n<meta property=\"article:publisher\" content=\"https:\/\/www.facebook.com\/doctordejeu\" \/>\n<meta property=\"article:modified_time\" content=\"2023-05-11T11:47:05+00:00\" \/>\n<meta property=\"og:image\" content=\"https:\/\/doctordejeu.ro\/wp-content\/uploads\/2023\/02\/56A1934.webp\" \/>\n\t<meta property=\"og:image:width\" content=\"2016\" \/>\n\t<meta property=\"og:image:height\" content=\"1344\" \/>\n\t<meta property=\"og:image:type\" content=\"image\/webp\" \/>\n<meta name=\"twitter:card\" content=\"summary_large_image\" \/>\n<script type=\"application\/ld+json\" class=\"yoast-schema-graph\">{\"@context\":\"https:\/\/schema.org\",\"@graph\":[{\"@type\":\"WebPage\",\"@id\":\"https:\/\/doctordejeu.ro\/en\/locations\/\",\"url\":\"https:\/\/doctordejeu.ro\/en\/locations\/\",\"name\":\"Locations - Clinica Doctor Dejeu\",\"isPartOf\":{\"@id\":\"https:\/\/doctordejeu.ro\/#website\"},\"datePublished\":\"2022-12-28T11:02:48+00:00\",\"dateModified\":\"2023-05-11T11:47:05+00:00\",\"breadcrumb\":{\"@id\":\"https:\/\/doctordejeu.ro\/en\/locations\/#breadcrumb\"},\"inLanguage\":\"en-US\",\"potentialAction\":[{\"@type\":\"ReadAction\",\"target\":[\"https:\/\/doctordejeu.ro\/en\/locations\/\"]}]},{\"@type\":\"BreadcrumbList\",\"@id\":\"https:\/\/doctordejeu.ro\/en\/locations\/#breadcrumb\",\"itemListElement\":[{\"@type\":\"ListItem\",\"position\":1,\"name\":\"Prima pagin\u0103\",\"item\":\"https:\/\/doctordejeu.ro\/\"},{\"@type\":\"ListItem\",\"position\":2,\"name\":\"Locations\"}]},{\"@type\":\"WebSite\",\"@id\":\"https:\/\/doctordejeu.ro\/#website\",\"url\":\"https:\/\/doctordejeu.ro\/\",\"name\":\"Dr. Dejeu - Excelen\u021b\u0103 \u00een chirurgia bariatric\u0103\",\"description\":\"Pasiune \u0219i performan\u021b\u0103 \u00een chirurgia bariatric\u0103\",\"publisher\":{\"@id\":\"https:\/\/doctordejeu.ro\/#organization\"},\"potentialAction\":[{\"@type\":\"SearchAction\",\"target\":{\"@type\":\"EntryPoint\",\"urlTemplate\":\"https:\/\/doctordejeu.ro\/?s={search_term_string}\"},\"query-input\":\"required name=search_term_string\"}],\"inLanguage\":\"en-US\"},{\"@type\":\"Organization\",\"@id\":\"https:\/\/doctordejeu.ro\/#organization\",\"name\":\"Doctor Dejeu\",\"url\":\"https:\/\/doctordejeu.ro\/\",\"logo\":{\"@type\":\"ImageObject\",\"inLanguage\":\"en-US\",\"@id\":\"https:\/\/doctordejeu.ro\/#\/schema\/logo\/image\/\",\"url\":\"https:\/\/doctordejeu.ro\/wp-content\/uploads\/2022\/10\/Group-554.svg\",\"contentUrl\":\"https:\/\/doctordejeu.ro\/wp-content\/uploads\/2022\/10\/Group-554.svg\",\"width\":140,\"height\":53,\"caption\":\"Doctor Dejeu\"},\"image\":{\"@id\":\"https:\/\/doctordejeu.ro\/#\/schema\/logo\/image\/\"},\"sameAs\":[\"https:\/\/www.facebook.com\/doctordejeu\",\"https:\/\/www.instagram.com\/doctordejeu\/\"]}]}<\/script>\n<!-- \/ Yoast SEO plugin. -->","yoast_head_json":{"title":"Locations - Clinica Doctor Dejeu","robots":{"index":"index","follow":"follow","max-snippet":"max-snippet:-1","max-image-preview":"max-image-preview:large","max-video-preview":"max-video-preview:-1"},"canonical":"https:\/\/doctordejeu.ro\/en\/locations\/","og_locale":"en_US","og_type":"article","og_title":"Locations - Clinica Doctor Dejeu","og_url":"https:\/\/doctordejeu.ro\/en\/locations\/","og_site_name":"Clinica Doctor Dejeu","article_publisher":"https:\/\/www.facebook.com\/doctordejeu","article_modified_time":"2023-05-11T11:47:05+00:00","og_image":[{"width":2016,"height":1344,"url":"https:\/\/doctordejeu.ro\/wp-content\/uploads\/2023\/02\/56A1934.webp","type":"image\/webp"}],"twitter_card":"summary_large_image","schema":{"@context":"https:\/\/schema.org","@graph":[{"@type":"WebPage","@id":"https:\/\/doctordejeu.ro\/en\/locations\/","url":"https:\/\/doctordejeu.ro\/en\/locations\/","name":"Locations - Clinica Doctor Dejeu","isPartOf":{"@id":"https:\/\/doctordejeu.ro\/#website"},"datePublished":"2022-12-28T11:02:48+00:00","dateModified":"2023-05-11T11:47:05+00:00","breadcrumb":{"@id":"https:\/\/doctordejeu.ro\/en\/locations\/#breadcrumb"},"inLanguage":"en-US","potentialAction":[{"@type":"ReadAction","target":["https:\/\/doctordejeu.ro\/en\/locations\/"]}]},{"@type":"BreadcrumbList","@id":"https:\/\/doctordejeu.ro\/en\/locations\/#breadcrumb","itemListElement":[{"@type":"ListItem","position":1,"name":"Prima pagin\u0103","item":"https:\/\/doctordejeu.ro\/"},{"@type":"ListItem","position":2,"name":"Locations"}]},{"@type":"WebSite","@id":"https:\/\/doctordejeu.ro\/#website","url":"https:\/\/doctordejeu.ro\/","name":"Dr. Dejeu - Excelen\u021b\u0103 \u00een chirurgia bariatric\u0103","description":"Pasiune \u0219i performan\u021b\u0103 \u00een chirurgia bariatric\u0103","publisher":{"@id":"https:\/\/doctordejeu.ro\/#organization"},"potentialAction":[{"@type":"SearchAction","target":{"@type":"EntryPoint","urlTemplate":"https:\/\/doctordejeu.ro\/?s={search_term_string}"},"query-input":"required name=search_term_string"}],"inLanguage":"en-US"},{"@type":"Organization","@id":"https:\/\/doctordejeu.ro\/#organization","name":"Doctor Dejeu","url":"https:\/\/doctordejeu.ro\/","logo":{"@type":"ImageObject","inLanguage":"en-US","@id":"https:\/\/doctordejeu.ro\/#\/schema\/logo\/image\/","url":"https:\/\/doctordejeu.ro\/wp-content\/uploads\/2022\/10\/Group-554.svg","contentUrl":"https:\/\/doctordejeu.ro\/wp-content\/uploads\/2022\/10\/Group-554.svg","width":140,"height":53,"caption":"Doctor Dejeu"},"image":{"@id":"https:\/\/doctordejeu.ro\/#\/schema\/logo\/image\/"},"sameAs":["https:\/\/www.facebook.com\/doctordejeu","https:\/\/www.instagram.com\/doctordejeu\/"]}]}},"_links":{"self":[{"href":"https:\/\/doctordejeu.ro\/en\/wp-json\/wp\/v2\/pages\/2249","targetHints":{"allow":["GET"]}}],"collection":[{"href":"https:\/\/doctordejeu.ro\/en\/wp-json\/wp\/v2\/pages"}],"about":[{"href":"https:\/\/doctordejeu.ro\/en\/wp-json\/wp\/v2\/types\/page"}],"author":[{"embeddable":true,"href":"https:\/\/doctordejeu.ro\/en\/wp-json\/wp\/v2\/users\/1"}],"replies":[{"embeddable":true,"href":"https:\/\/doctordejeu.ro\/en\/wp-json\/wp\/v2\/comments?post=2249"}],"version-history":[{"count":1,"href":"https:\/\/doctordejeu.ro\/en\/wp-json\/wp\/v2\/pages\/2249\/revisions"}],"predecessor-version":[{"id":2250,"href":"https:\/\/doctordejeu.ro\/en\/wp-json\/wp\/v2\/pages\/2249\/revisions\/2250"}],"wp:attachment":[{"href":"https:\/\/doctordejeu.ro\/en\/wp-json\/wp\/v2\/media?parent=2249"}],"curies":[{"name":"wp","href":"https:\/\/api.w.org\/{rel}","templated":true}]}}