{"id":2234,"date":"2023-01-21T01:04:58","date_gmt":"2023-01-20T23:04:58","guid":{"rendered":"https:\/\/staging.doctordejeu.ro\/teszt\/"},"modified":"2023-05-17T14:01:39","modified_gmt":"2023-05-17T11:01:39","slug":"teszt","status":"publish","type":"page","link":"https:\/\/doctordejeu.ro\/hu\/teszt\/","title":{"rendered":"teszt"},"content":{"rendered":"\t\t<div data-elementor-type=\"wp-page\" data-elementor-id=\"2234\" class=\"elementor elementor-2234 elementor-1031\" data-elementor-post-type=\"page\">\n\t\t\t\t\t\t<section class=\"elementor-section elementor-top-section elementor-element elementor-element-2e64bfa elementor-section-boxed elementor-section-height-default elementor-section-height-default\" data-id=\"2e64bfa\" data-element_type=\"section\">\n\t\t\t\t\t\t<div class=\"elementor-container elementor-column-gap-default\">\n\t\t\t\t\t<div class=\"elementor-column elementor-col-100 elementor-top-column elementor-element elementor-element-7b019f4\" data-id=\"7b019f4\" data-element_type=\"column\">\n\t\t\t<div class=\"elementor-widget-wrap elementor-element-populated\">\n\t\t\t\t\t\t<div class=\"elementor-element elementor-element-e237ca0 elementor-widget elementor-widget-premium-carousel-widget\" data-id=\"e237ca0\" data-element_type=\"widget\" data-widget_type=\"premium-carousel-widget.default\">\n\t\t\t\t<div class=\"elementor-widget-container\">\n\t\t\t\r\n\t\t<div id=\"premium-carousel-wrapper-e237ca0\" class=\"premium-carousel-wrapper premium-carousel-hidden carousel-wrapper-e237ca0   premium-carousel-dots-below\" data-settings=\"{&quot;vertical&quot;:false,&quot;slidesToScroll&quot;:3,&quot;slidesToShow&quot;:3,&quot;infinite&quot;:true,&quot;speed&quot;:300,&quot;fade&quot;:false,&quot;autoplay&quot;:true,&quot;autoplaySpeed&quot;:5000,&quot;draggable&quot;:true,&quot;touchMove&quot;:true,&quot;rtl&quot;:false,&quot;adaptiveHeight&quot;:false,&quot;variableWidth&quot;:false,&quot;cssEase&quot;:&quot;ease&quot;,&quot;pauseOnHover&quot;:false,&quot;centerMode&quot;:false,&quot;arrows&quot;:true,&quot;dots&quot;:true,&quot;slidesDesk&quot;:3,&quot;slidesTab&quot;:1,&quot;slidesMob&quot;:1,&quot;animation&quot;:&quot;null&quot;,&quot;tabletBreak&quot;:1025,&quot;mobileBreak&quot;:768,&quot;navigation&quot;:[&quot;&quot;,&quot;&quot;,&quot;&quot;,&quot;&quot;,&quot;&quot;],&quot;carouselNavigation&quot;:&quot;dots&quot;,&quot;templatesNumber&quot;:5}\">\r\n\t\t\t\t\t\t<div class=\"premium-carousel-nav-dot\">\r\n\t\t\t\t\t\t\t\t<i class=\"fas fa-circle\" aria-hidden=\"true\"><\/i>\r\n\t\t\t\t\t\t\t\t<\/div>\r\n\t\t\t\t\t\t\t\t<div class=\"premium-carousel-nav-arrow-prev\">\r\n\t\t\t\t\t<a type=\"button\" data-role=\"none\" class=\"carousel-arrow carousel-prev\" aria-label=\"Previous\" role=\"button\">\r\n\t\t\t\t\t\t\t\t\t\t<i class=\"fas fa-angle-left\" aria-hidden=\"true\"><\/i>\r\n\t\t\t\t\t\t\t\t\t<\/a>\r\n\t\t\t\t<\/div>\r\n\t\t\t\t<div class=\"premium-carousel-nav-arrow-next\">\r\n\t\t\t\t\t<a type=\"button\" data-role=\"none\" class=\"carousel-arrow carousel-next\" aria-label=\"Next\" role=\"button\">\r\n\t\t\t\t\t\t\t\t\t\t<i class=\"fas fa-angle-right\" aria-hidden=\"true\"><\/i>\r\n\t\t\t\t\t\t\t\t\t<\/a>\r\n\t\t\t\t<\/div>\r\n\t\t\t\t\t<div id=\"premium-carousel-e237ca0\" class=\"premium-carousel-inner\">\r\n\t\t\t\t\t\t<div class=\"premium-carousel-template item-wrapper\">\r\n\t\t\t\t\t\t\t<div data-elementor-type=\"section\" data-elementor-id=\"2403\" class=\"elementor elementor-2403 elementor-1241\" data-elementor-post-type=\"elementor_library\">\n\t\t\t\t\t<div class=\"elementor-section-wrap\">\n\t\t\t\t\t\t\t\t<section class=\"elementor-section elementor-top-section elementor-element elementor-element-e9c89e6 elementor-section-boxed elementor-section-height-default elementor-section-height-default\" data-id=\"e9c89e6\" data-element_type=\"section\">\n\t\t\t\t\t\t<div class=\"elementor-container elementor-column-gap-default\">\n\t\t\t\t\t<div class=\"elementor-column elementor-col-100 elementor-top-column elementor-element elementor-element-9bfc744\" data-id=\"9bfc744\" data-element_type=\"column\" data-settings=\"{&quot;background_background&quot;:&quot;classic&quot;}\">\n\t\t\t<div class=\"elementor-widget-wrap elementor-element-populated\">\n\t\t\t\t\t<div class=\"elementor-background-overlay\"><\/div>\n\t\t\t\t\t\t<div class=\"elementor-element elementor-element-0857c98 elementor-widget elementor-widget-heading\" data-id=\"0857c98\" data-element_type=\"widget\" data-widget_type=\"heading.default\">\n\t\t\t\t<div class=\"elementor-widget-container\">\n\t\t\t<style>\/*! elementor - v3.19.0 - 29-01-2024 *\/\n.elementor-heading-title{padding:0;margin:0;line-height:1}.elementor-widget-heading .elementor-heading-title[class*=elementor-size-]>a{color:inherit;font-size:inherit;line-height:inherit}.elementor-widget-heading .elementor-heading-title.elementor-size-small{font-size:15px}.elementor-widget-heading .elementor-heading-title.elementor-size-medium{font-size:19px}.elementor-widget-heading .elementor-heading-title.elementor-size-large{font-size:29px}.elementor-widget-heading .elementor-heading-title.elementor-size-xl{font-size:39px}.elementor-widget-heading .elementor-heading-title.elementor-size-xxl{font-size:59px}<\/style><h2 class=\"elementor-heading-title elementor-size-default\">Bethany Orvosi K\u00f6zpont<\/h2>\t\t<\/div>\n\t\t\t\t<\/div>\n\t\t\t\t<div class=\"elementor-element elementor-element-7f29276 elementor-widget__width-auto elementor-absolute elementor-widget elementor-widget-heading\" data-id=\"7f29276\" data-element_type=\"widget\" data-settings=\"{&quot;_position&quot;:&quot;absolute&quot;}\" data-widget_type=\"heading.default\">\n\t\t\t\t<div class=\"elementor-widget-container\">\n\t\t\t<h2 class=\"elementor-heading-title elementor-size-default\">Nagyv\u00e1rad<\/h2>\t\t<\/div>\n\t\t\t\t<\/div>\n\t\t\t\t\t<\/div>\n\t\t<\/div>\n\t\t\t\t\t<\/div>\n\t\t<\/section>\n\t\t\t\t\t\t\t<\/div>\n\t\t\t\t<\/div>\n\t\t\t\t\t\t\t\t\t\t\t<\/div>\r\n\t\t\t\t\t\t\t\t<div class=\"premium-carousel-template item-wrapper\">\r\n\t\t\t\t\t\t\t<div data-elementor-type=\"section\" data-elementor-id=\"2435\" class=\"elementor elementor-2435 elementor-1238\" data-elementor-post-type=\"elementor_library\">\n\t\t\t\t\t<div class=\"elementor-section-wrap\">\n\t\t\t\t\t\t\t\t<section class=\"elementor-section elementor-top-section elementor-element elementor-element-7e13752 elementor-section-boxed elementor-section-height-default elementor-section-height-default\" data-id=\"7e13752\" data-element_type=\"section\">\n\t\t\t\t\t\t<div class=\"elementor-container elementor-column-gap-default\">\n\t\t\t\t\t<div class=\"elementor-column elementor-col-100 elementor-top-column elementor-element elementor-element-34e8f7b\" data-id=\"34e8f7b\" data-element_type=\"column\" data-settings=\"{&quot;background_background&quot;:&quot;classic&quot;}\">\n\t\t\t<div class=\"elementor-widget-wrap elementor-element-populated\">\n\t\t\t\t\t<div class=\"elementor-background-overlay\"><\/div>\n\t\t\t\t\t\t<div class=\"elementor-element elementor-element-1740d96 elementor-widget elementor-widget-heading\" data-id=\"1740d96\" data-element_type=\"widget\" data-widget_type=\"heading.default\">\n\t\t\t\t<div class=\"elementor-widget-container\">\n\t\t\t<h2 class=\"elementor-heading-title elementor-size-default\">Hyperclinica MedLife Genesys<\/h2>\t\t<\/div>\n\t\t\t\t<\/div>\n\t\t\t\t<div class=\"elementor-element elementor-element-58ea2ed elementor-widget__width-auto elementor-absolute elementor-widget elementor-widget-heading\" data-id=\"58ea2ed\" data-element_type=\"widget\" data-settings=\"{&quot;_position&quot;:&quot;absolute&quot;}\" data-widget_type=\"heading.default\">\n\t\t\t\t<div class=\"elementor-widget-container\">\n\t\t\t<h2 class=\"elementor-heading-title elementor-size-default\">Arad<\/h2>\t\t<\/div>\n\t\t\t\t<\/div>\n\t\t\t\t\t<\/div>\n\t\t<\/div>\n\t\t\t\t\t<\/div>\n\t\t<\/section>\n\t\t\t\t\t\t\t<\/div>\n\t\t\t\t<\/div>\n\t\t\t\t\t\t\t\t\t\t\t<\/div>\r\n\t\t\t\t\t\t\t\t<div class=\"premium-carousel-template item-wrapper\">\r\n\t\t\t\t\t\t\t<div data-elementor-type=\"section\" data-elementor-id=\"2417\" class=\"elementor elementor-2417 elementor-1235\" data-elementor-post-type=\"elementor_library\">\n\t\t\t\t\t<div class=\"elementor-section-wrap\">\n\t\t\t\t\t\t\t\t<section class=\"elementor-section elementor-top-section elementor-element elementor-element-301af50 elementor-section-boxed elementor-section-height-default elementor-section-height-default\" data-id=\"301af50\" data-element_type=\"section\">\n\t\t\t\t\t\t<div class=\"elementor-container elementor-column-gap-default\">\n\t\t\t\t\t<div class=\"elementor-column elementor-col-100 elementor-top-column elementor-element elementor-element-b7756c3\" data-id=\"b7756c3\" data-element_type=\"column\" data-settings=\"{&quot;background_background&quot;:&quot;classic&quot;}\">\n\t\t\t<div class=\"elementor-widget-wrap elementor-element-populated\">\n\t\t\t\t\t<div class=\"elementor-background-overlay\"><\/div>\n\t\t\t\t\t\t<div class=\"elementor-element elementor-element-c92d9fc elementor-widget elementor-widget-heading\" data-id=\"c92d9fc\" data-element_type=\"widget\" data-widget_type=\"heading.default\">\n\t\t\t\t<div class=\"elementor-widget-container\">\n\t\t\t<h2 class=\"elementor-heading-title elementor-size-default\">Life Memorial K\u00f3rh\u00e1z<\/h2>\t\t<\/div>\n\t\t\t\t<\/div>\n\t\t\t\t<div class=\"elementor-element elementor-element-54eeea8 elementor-widget__width-auto elementor-absolute elementor-widget elementor-widget-heading\" data-id=\"54eeea8\" data-element_type=\"widget\" data-settings=\"{&quot;_position&quot;:&quot;absolute&quot;}\" data-widget_type=\"heading.default\">\n\t\t\t\t<div class=\"elementor-widget-container\">\n\t\t\t<h2 class=\"elementor-heading-title elementor-size-default\">Bukarest<\/h2>\t\t<\/div>\n\t\t\t\t<\/div>\n\t\t\t\t\t<\/div>\n\t\t<\/div>\n\t\t\t\t\t<\/div>\n\t\t<\/section>\n\t\t\t\t\t\t\t<\/div>\n\t\t\t\t<\/div>\n\t\t\t\t\t\t\t\t\t\t\t<\/div>\r\n\t\t\t\t\t\t\t\t<div class=\"premium-carousel-template item-wrapper\">\r\n\t\t\t\t\t\t\t<div data-elementor-type=\"section\" data-elementor-id=\"2395\" class=\"elementor elementor-2395 elementor-1269\" data-elementor-post-type=\"elementor_library\">\n\t\t\t\t\t<div class=\"elementor-section-wrap\">\n\t\t\t\t\t\t\t\t<section class=\"elementor-section elementor-top-section elementor-element elementor-element-39bfed2 elementor-section-boxed elementor-section-height-default elementor-section-height-default\" data-id=\"39bfed2\" data-element_type=\"section\">\n\t\t\t\t\t\t<div class=\"elementor-container elementor-column-gap-default\">\n\t\t\t\t\t<div class=\"elementor-column elementor-col-100 elementor-top-column elementor-element elementor-element-7cfec5f\" data-id=\"7cfec5f\" data-element_type=\"column\" data-settings=\"{&quot;background_background&quot;:&quot;classic&quot;}\">\n\t\t\t<div class=\"elementor-widget-wrap elementor-element-populated\">\n\t\t\t\t\t<div class=\"elementor-background-overlay\"><\/div>\n\t\t\t\t\t\t<div class=\"elementor-element elementor-element-0c00549 elementor-widget elementor-widget-heading\" data-id=\"0c00549\" data-element_type=\"widget\" data-widget_type=\"heading.default\">\n\t\t\t\t<div class=\"elementor-widget-container\">\n\t\t\t<h2 class=\"elementor-heading-title elementor-size-default\">Medlife kolozsv\u00e1ri hiperklinika<\/h2>\t\t<\/div>\n\t\t\t\t<\/div>\n\t\t\t\t<div class=\"elementor-element elementor-element-c3c8884 elementor-widget__width-auto elementor-absolute elementor-widget elementor-widget-heading\" data-id=\"c3c8884\" data-element_type=\"widget\" data-settings=\"{&quot;_position&quot;:&quot;absolute&quot;}\" data-widget_type=\"heading.default\">\n\t\t\t\t<div class=\"elementor-widget-container\">\n\t\t\t<h2 class=\"elementor-heading-title elementor-size-default\">Kolozsv\u00e1r<\/h2>\t\t<\/div>\n\t\t\t\t<\/div>\n\t\t\t\t\t<\/div>\n\t\t<\/div>\n\t\t\t\t\t<\/div>\n\t\t<\/section>\n\t\t\t\t\t\t\t<\/div>\n\t\t\t\t<\/div>\n\t\t\t\t\t\t\t\t\t\t\t<\/div>\r\n\t\t\t\t\t\t\t\t<div class=\"premium-carousel-template item-wrapper\">\r\n\t\t\t\t\t\t\t<div data-elementor-type=\"section\" data-elementor-id=\"2426\" class=\"elementor elementor-2426 elementor-1266\" data-elementor-post-type=\"elementor_library\">\n\t\t\t\t\t<div class=\"elementor-section-wrap\">\n\t\t\t\t\t\t\t\t<section class=\"elementor-section elementor-top-section elementor-element elementor-element-83786e4 elementor-section-boxed elementor-section-height-default elementor-section-height-default\" data-id=\"83786e4\" data-element_type=\"section\">\n\t\t\t\t\t\t<div class=\"elementor-container elementor-column-gap-default\">\n\t\t\t\t\t<div class=\"elementor-column elementor-col-100 elementor-top-column elementor-element elementor-element-5090b80\" data-id=\"5090b80\" data-element_type=\"column\" data-settings=\"{&quot;background_background&quot;:&quot;classic&quot;}\">\n\t\t\t<div class=\"elementor-widget-wrap elementor-element-populated\">\n\t\t\t\t\t<div class=\"elementor-background-overlay\"><\/div>\n\t\t\t\t\t\t<div class=\"elementor-element elementor-element-9471f68 elementor-widget elementor-widget-heading\" data-id=\"9471f68\" data-element_type=\"widget\" data-widget_type=\"heading.default\">\n\t\t\t\t<div class=\"elementor-widget-container\">\n\t\t\t<h2 class=\"elementor-heading-title elementor-size-default\">Medlife Polisano Klinika<\/h2>\t\t<\/div>\n\t\t\t\t<\/div>\n\t\t\t\t<div class=\"elementor-element elementor-element-355ea13 elementor-widget__width-auto elementor-absolute elementor-widget elementor-widget-heading\" data-id=\"355ea13\" data-element_type=\"widget\" data-settings=\"{&quot;_position&quot;:&quot;absolute&quot;}\" data-widget_type=\"heading.default\">\n\t\t\t\t<div class=\"elementor-widget-container\">\n\t\t\t<h2 class=\"elementor-heading-title elementor-size-default\">Nagyszeben<\/h2>\t\t<\/div>\n\t\t\t\t<\/div>\n\t\t\t\t\t<\/div>\n\t\t<\/div>\n\t\t\t\t\t<\/div>\n\t\t<\/section>\n\t\t\t\t\t\t\t<\/div>\n\t\t\t\t<\/div>\n\t\t\t\t\t\t\t\t\t\t\t<\/div>\r\n\t\t\t\t\t\t\t<\/div>\r\n\t\t\t\t\t<\/div>\r\n\t\t\t\t<\/div>\n\t\t\t\t<\/div>\n\t\t\t\t\t<\/div>\n\t\t<\/div>\n\t\t\t\t\t<\/div>\n\t\t<\/section>\n\t\t\t\t<\/div>\n\t\t","protected":false},"excerpt":{"rendered":"","protected":false},"author":1,"featured_media":0,"parent":0,"menu_order":0,"comment_status":"closed","ping_status":"closed","template":"","meta":{"footnotes":""},"class_list":["post-2234","page","type-page","status-publish","hentry"],"yoast_head":"<!-- This site is optimized with the Yoast SEO plugin v21.9.1 - https:\/\/yoast.com\/wordpress\/plugins\/seo\/ -->\n<title>teszt - Clinica Doctor Dejeu<\/title>\n<meta name=\"robots\" content=\"index, follow, max-snippet:-1, max-image-preview:large, max-video-preview:-1\" \/>\n<link rel=\"canonical\" href=\"https:\/\/doctordejeu.ro\/hu\/teszt\/\" \/>\n<meta property=\"og:locale\" content=\"hu_HU\" \/>\n<meta property=\"og:type\" content=\"article\" \/>\n<meta property=\"og:title\" content=\"teszt - Clinica Doctor Dejeu\" \/>\n<meta property=\"og:url\" content=\"https:\/\/doctordejeu.ro\/hu\/teszt\/\" \/>\n<meta property=\"og:site_name\" content=\"Clinica Doctor Dejeu\" \/>\n<meta property=\"article:publisher\" content=\"https:\/\/www.facebook.com\/doctordejeu\" \/>\n<meta property=\"article:modified_time\" content=\"2023-05-17T11:01:39+00:00\" \/>\n<meta property=\"og:image\" content=\"https:\/\/doctordejeu.ro\/wp-content\/uploads\/2023\/02\/56A1934.webp\" \/>\n\t<meta property=\"og:image:width\" content=\"2016\" \/>\n\t<meta property=\"og:image:height\" content=\"1344\" \/>\n\t<meta property=\"og:image:type\" content=\"image\/webp\" \/>\n<meta name=\"twitter:card\" content=\"summary_large_image\" \/>\n<script type=\"application\/ld+json\" class=\"yoast-schema-graph\">{\"@context\":\"https:\/\/schema.org\",\"@graph\":[{\"@type\":\"WebPage\",\"@id\":\"https:\/\/doctordejeu.ro\/hu\/teszt\/\",\"url\":\"https:\/\/doctordejeu.ro\/hu\/teszt\/\",\"name\":\"teszt - Clinica Doctor Dejeu\",\"isPartOf\":{\"@id\":\"https:\/\/doctordejeu.ro\/#website\"},\"datePublished\":\"2023-01-20T23:04:58+00:00\",\"dateModified\":\"2023-05-17T11:01:39+00:00\",\"breadcrumb\":{\"@id\":\"https:\/\/doctordejeu.ro\/hu\/teszt\/#breadcrumb\"},\"inLanguage\":\"hu\",\"potentialAction\":[{\"@type\":\"ReadAction\",\"target\":[\"https:\/\/doctordejeu.ro\/hu\/teszt\/\"]}]},{\"@type\":\"BreadcrumbList\",\"@id\":\"https:\/\/doctordejeu.ro\/hu\/teszt\/#breadcrumb\",\"itemListElement\":[{\"@type\":\"ListItem\",\"position\":1,\"name\":\"Prima pagin\u0103\",\"item\":\"https:\/\/doctordejeu.ro\/\"},{\"@type\":\"ListItem\",\"position\":2,\"name\":\"teszt\"}]},{\"@type\":\"WebSite\",\"@id\":\"https:\/\/doctordejeu.ro\/#website\",\"url\":\"https:\/\/doctordejeu.ro\/\",\"name\":\"Dr. Dejeu - Excelen\u021b\u0103 \u00een chirurgia bariatric\u0103\",\"description\":\"Dr. Dejeu Blog\",\"publisher\":{\"@id\":\"https:\/\/doctordejeu.ro\/#organization\"},\"potentialAction\":[{\"@type\":\"SearchAction\",\"target\":{\"@type\":\"EntryPoint\",\"urlTemplate\":\"https:\/\/doctordejeu.ro\/?s={search_term_string}\"},\"query-input\":\"required name=search_term_string\"}],\"inLanguage\":\"hu\"},{\"@type\":\"Organization\",\"@id\":\"https:\/\/doctordejeu.ro\/#organization\",\"name\":\"Doctor Dejeu\",\"url\":\"https:\/\/doctordejeu.ro\/\",\"logo\":{\"@type\":\"ImageObject\",\"inLanguage\":\"hu\",\"@id\":\"https:\/\/doctordejeu.ro\/#\/schema\/logo\/image\/\",\"url\":\"https:\/\/doctordejeu.ro\/wp-content\/uploads\/2022\/10\/Group-554.svg\",\"contentUrl\":\"https:\/\/doctordejeu.ro\/wp-content\/uploads\/2022\/10\/Group-554.svg\",\"width\":140,\"height\":53,\"caption\":\"Doctor Dejeu\"},\"image\":{\"@id\":\"https:\/\/doctordejeu.ro\/#\/schema\/logo\/image\/\"},\"sameAs\":[\"https:\/\/www.facebook.com\/doctordejeu\",\"https:\/\/www.instagram.com\/doctordejeu\/\"]}]}<\/script>\n<!-- \/ Yoast SEO plugin. -->","yoast_head_json":{"title":"teszt - Clinica Doctor Dejeu","robots":{"index":"index","follow":"follow","max-snippet":"max-snippet:-1","max-image-preview":"max-image-preview:large","max-video-preview":"max-video-preview:-1"},"canonical":"https:\/\/doctordejeu.ro\/hu\/teszt\/","og_locale":"hu_HU","og_type":"article","og_title":"teszt - Clinica Doctor Dejeu","og_url":"https:\/\/doctordejeu.ro\/hu\/teszt\/","og_site_name":"Clinica Doctor Dejeu","article_publisher":"https:\/\/www.facebook.com\/doctordejeu","article_modified_time":"2023-05-17T11:01:39+00:00","og_image":[{"width":2016,"height":1344,"url":"https:\/\/doctordejeu.ro\/wp-content\/uploads\/2023\/02\/56A1934.webp","type":"image\/webp"}],"twitter_card":"summary_large_image","schema":{"@context":"https:\/\/schema.org","@graph":[{"@type":"WebPage","@id":"https:\/\/doctordejeu.ro\/hu\/teszt\/","url":"https:\/\/doctordejeu.ro\/hu\/teszt\/","name":"teszt - Clinica Doctor Dejeu","isPartOf":{"@id":"https:\/\/doctordejeu.ro\/#website"},"datePublished":"2023-01-20T23:04:58+00:00","dateModified":"2023-05-17T11:01:39+00:00","breadcrumb":{"@id":"https:\/\/doctordejeu.ro\/hu\/teszt\/#breadcrumb"},"inLanguage":"hu","potentialAction":[{"@type":"ReadAction","target":["https:\/\/doctordejeu.ro\/hu\/teszt\/"]}]},{"@type":"BreadcrumbList","@id":"https:\/\/doctordejeu.ro\/hu\/teszt\/#breadcrumb","itemListElement":[{"@type":"ListItem","position":1,"name":"Prima pagin\u0103","item":"https:\/\/doctordejeu.ro\/"},{"@type":"ListItem","position":2,"name":"teszt"}]},{"@type":"WebSite","@id":"https:\/\/doctordejeu.ro\/#website","url":"https:\/\/doctordejeu.ro\/","name":"Dr. Dejeu - Excelen\u021b\u0103 \u00een chirurgia bariatric\u0103","description":"Dr. Dejeu Blog","publisher":{"@id":"https:\/\/doctordejeu.ro\/#organization"},"potentialAction":[{"@type":"SearchAction","target":{"@type":"EntryPoint","urlTemplate":"https:\/\/doctordejeu.ro\/?s={search_term_string}"},"query-input":"required name=search_term_string"}],"inLanguage":"hu"},{"@type":"Organization","@id":"https:\/\/doctordejeu.ro\/#organization","name":"Doctor Dejeu","url":"https:\/\/doctordejeu.ro\/","logo":{"@type":"ImageObject","inLanguage":"hu","@id":"https:\/\/doctordejeu.ro\/#\/schema\/logo\/image\/","url":"https:\/\/doctordejeu.ro\/wp-content\/uploads\/2022\/10\/Group-554.svg","contentUrl":"https:\/\/doctordejeu.ro\/wp-content\/uploads\/2022\/10\/Group-554.svg","width":140,"height":53,"caption":"Doctor Dejeu"},"image":{"@id":"https:\/\/doctordejeu.ro\/#\/schema\/logo\/image\/"},"sameAs":["https:\/\/www.facebook.com\/doctordejeu","https:\/\/www.instagram.com\/doctordejeu\/"]}]}},"_links":{"self":[{"href":"https:\/\/doctordejeu.ro\/hu\/wp-json\/wp\/v2\/pages\/2234","targetHints":{"allow":["GET"]}}],"collection":[{"href":"https:\/\/doctordejeu.ro\/hu\/wp-json\/wp\/v2\/pages"}],"about":[{"href":"https:\/\/doctordejeu.ro\/hu\/wp-json\/wp\/v2\/types\/page"}],"author":[{"embeddable":true,"href":"https:\/\/doctordejeu.ro\/hu\/wp-json\/wp\/v2\/users\/1"}],"replies":[{"embeddable":true,"href":"https:\/\/doctordejeu.ro\/hu\/wp-json\/wp\/v2\/comments?post=2234"}],"version-history":[{"count":2,"href":"https:\/\/doctordejeu.ro\/hu\/wp-json\/wp\/v2\/pages\/2234\/revisions"}],"predecessor-version":[{"id":2239,"href":"https:\/\/doctordejeu.ro\/hu\/wp-json\/wp\/v2\/pages\/2234\/revisions\/2239"}],"wp:attachment":[{"href":"https:\/\/doctordejeu.ro\/hu\/wp-json\/wp\/v2\/media?parent=2234"}],"curies":[{"name":"wp","href":"https:\/\/api.w.org\/{rel}","templated":true}]}}